{"id":88,"date":"2017-04-27T16:27:15","date_gmt":"2017-04-27T16:27:15","guid":{"rendered":"http:\/\/webproj.com\/gesoper\/?page_id=88"},"modified":"2024-04-03T13:05:08","modified_gmt":"2024-04-03T13:05:08","slug":"quem-desenvolve","status":"publish","type":"page","link":"http:\/\/www.gesoper.com.br\/site\/quem-desenvolve\/","title":{"rendered":"Quem Desenvolve"},"content":{"rendered":"<p><a href=\"http:\/\/www.gesoper.com.br\/site\/wp-content\/uploads\/2024\/04\/SOLLUCAO-HOR-37-anos-Horizontal-AI.png\"><img loading=\"lazy\" class=\"alignnone wp-image-2892 size-full\" src=\"http:\/\/www.gesoper.com.br\/site\/wp-content\/uploads\/2024\/04\/SOLLUCAO-HOR-37-anos-Horizontal-AI.png\" alt=\"\" width=\"1416\" height=\"422\" \/><\/a><\/p>\n<p>A Sollu\u00e7\u00e3o Inform\u00e1tica \u00e9 uma empresa sediada em Porto Alegre, RS, Brasil, que vem desde 1986 se dedicando ao desenvolvimento, aprimoramento e implanta\u00e7\u00e3o de Softwares de Gest\u00e3o Empresarial para empresas dos mais variados portes.<\/p>\n<p>Atrav\u00e9s de um enfoque que visa proporcionar a \u201csolucao em produtividade e apoio \u00e0 decis\u00e3o\u201d, contabilizamos ao longo deste per\u00edodo centenas de clientes em todo o pa\u00eds, consolidando desta maneira nosso nome no mercado de software.<\/p>\n<p>Nossos sistemas sempre foram desenvolvidos com o objetivo de atender quatro premissas b\u00e1sicas, quais sejam:<\/p>\n<ul>\n<li>informa\u00e7\u00f5es gerenciais para abastecer a tomada de decis\u00f5es;<\/li>\n<li>integra\u00e7\u00e3o de dados como forma de gerar produtividade;<\/li>\n<li>vis\u00e3o abrangente no neg\u00f3cio do cliente como forma de apresentar a melhor solu\u00e7\u00e3o;<\/li>\n<li>facilidade de uso pois o cliente n\u00e3o \u00e9 obrigado a ser um expert em inform\u00e1tica.<\/li>\n<\/ul>\n<p>Entendemos que um software de gest\u00e3o empresarial deve acima de tudo proporcionar ganhos de competitividade atrav\u00e9s da redu\u00e7\u00e3o substancial dos custos administrativos e operacionais, aliado ao poder de gerar informa\u00e7\u00f5es gerenciais instant\u00e2neas que venham a redundar em importantes subs\u00eddios \u00e0 tomada de decis\u00f5es.<\/p>\n<p><strong>Norteadores Estrat\u00e9gicos<\/strong><\/p>\n<div class=\"row\">\n<div class=\"col-lg-12\">\n<p><strong>1. Vis\u00e3o<\/strong><br \/>\nSer refer\u00eancia e estar sempre \u00e0 frente nos mercados em que atuamos, oferecendo solu\u00e7\u00f5es em gest\u00e3o que surpreendam pela inova\u00e7\u00e3o, objetividade e compet\u00eancia, visando aumentar a rentabilidade dos neg\u00f3cios de nossos clientes.<\/p>\n<p><strong>2. Miss\u00e3o<\/strong><br \/>\nProver conhecimento, informa\u00e7\u00e3o e solu\u00e7\u00f5es nos mercados onde atuamos, surpreendendo nossos clientes pela agilidade do atendimento, levando-os a se tornarem agentes de propaga\u00e7\u00e3o do nosso neg\u00f3cio.<\/p>\n<p><strong>3. Princ\u00edpios<\/strong><br \/>\n\u00c9tica, Atitude pr\u00f3 ativa, Educa\u00e7\u00e3o, Respeito, Honestidade, Comprometimento e Responsabilidade.<\/p>\n<p><strong>4. Valores<\/strong><\/p>\n<ul>\n<li>Clientes: Parceiros de longo prazo.<\/li>\n<li>Lucro: Fator de crescimento para empresa, s\u00f3cios e colaboradores, sendo motivo de orgulho para todos que se relacionam com a empresa e fomentador de melhoria dos servi\u00e7os prestados aos clientes.<\/li>\n<li>Colaboradores: Part\u00edcipes do neg\u00f3cio e agentes de inova\u00e7\u00e3o.<\/li>\n<li>Tecnologia: Forma de nos mantermos \u00e0 frente nos mercados em que atuamos.<\/li>\n<li>Parceiros: O crescimento de um significa o crescimento de todos e o cliente \u00e9 o maior beneficiado.<\/li>\n<li>Social: Tamb\u00e9m somos respons\u00e1veis.<\/li>\n<li>Conhecimento: Agregador de qualidade de vida.<\/li>\n<li>Comunica\u00e7\u00e3o: Deve ser clara, constante, incentivada e nunca devemos subestimar nem superestimar a capacidade de recebimento de nossos interlocutores.<\/li>\n<li>Mercado: Devemos estar atentos \u00e0s suas oportunidades e a seus movimentos.<\/li>\n<\/ul>\n<\/div>\n<\/div>\n<div class=\"row\"><\/div>\n","protected":false},"excerpt":{"rendered":"<p>A Sollu\u00e7\u00e3o Inform\u00e1tica \u00e9 uma empresa sediada em Porto Alegre, RS, Brasil, que vem desde 1986 se dedicando ao desenvolvimento, aprimoramento e implanta\u00e7\u00e3o de Softwares de Gest\u00e3o Empresarial para empresas dos mais variados portes. Atrav\u00e9s de um enfoque que visa proporcionar a \u201csolucao em produtividade e apoio \u00e0 decis\u00e3o\u201d, contabilizamos ao longo deste per\u00edodo centenas [&hellip;]<\/p>\n","protected":false},"author":1,"featured_media":0,"parent":0,"menu_order":0,"comment_status":"closed","ping_status":"closed","template":"","meta":[],"_links":{"self":[{"href":"http:\/\/www.gesoper.com.br\/site\/wp-json\/wp\/v2\/pages\/88"}],"collection":[{"href":"http:\/\/www.gesoper.com.br\/site\/wp-json\/wp\/v2\/pages"}],"about":[{"href":"http:\/\/www.gesoper.com.br\/site\/wp-json\/wp\/v2\/types\/page"}],"author":[{"embeddable":true,"href":"http:\/\/www.gesoper.com.br\/site\/wp-json\/wp\/v2\/users\/1"}],"replies":[{"embeddable":true,"href":"http:\/\/www.gesoper.com.br\/site\/wp-json\/wp\/v2\/comments?post=88"}],"version-history":[{"count":14,"href":"http:\/\/www.gesoper.com.br\/site\/wp-json\/wp\/v2\/pages\/88\/revisions"}],"predecessor-version":[{"id":2893,"href":"http:\/\/www.gesoper.com.br\/site\/wp-json\/wp\/v2\/pages\/88\/revisions\/2893"}],"wp:attachment":[{"href":"http:\/\/www.gesoper.com.br\/site\/wp-json\/wp\/v2\/media?parent=88"}],"curies":[{"name":"wp","href":"https:\/\/api.w.org\/{rel}","templated":true}]}}