{"id":314,"date":"2017-05-04T12:33:49","date_gmt":"2017-05-04T12:33:49","guid":{"rendered":"http:\/\/webproj.com\/gesoper\/?page_id=314"},"modified":"2021-08-11T18:18:14","modified_gmt":"2021-08-11T18:18:14","slug":"gesoper-4sup","status":"publish","type":"page","link":"http:\/\/www.gesoper.com.br\/site\/gesoper-4sup\/","title":{"rendered":"GesOper 4Sup"},"content":{"rendered":"<p>O GesOper 4Sup \u00e9 um sistema da fam\u00edlia GesOper Corporate<em>\u00a0 <\/em>exclusivo para supervis\u00e3o on-line, composto de um gerenciador WEB e um\u00a0 aplicativo\u00a0 para smartphone\u00a0 (ou tablet) que permite ao gestor programar rotas\u00a0 inteligentes e controlar a qualidade das mesmas, e ao supervisor, registrar em tempo real todas suas atividades, e tudo integrado ao GesOper Operacional.<\/p>\n<p>A grande vantagem do GesOper 4Sup \u00e9 que o gestor poder\u00e1 acompanhar a localiza\u00e7\u00e3o e as atividades dos supervisores em tempo real, proporcionando maior controle e produtividade para este processo que \u00e9 fundamental para o sucesso da opera\u00e7\u00e3o. Clique aqui para ver mais.<\/p>\n<p><a href=\"http:\/\/gesoper.no-ip.info\/www\/folderssite\/Folder_GesOper_4SUP_leia_mais.pdf\">http:\/\/gesoper.no-ip.info\/www\/folderssite\/Folder_GesOper_4SUP_leia_mais.pdf<\/a><\/p>\n<p><a href=\"https:\/\/www.canva.com\/design\/DAEfHWtCkZw\/3ynj1Nqgijs05ZIMytOs8g\/watch?utm_content=DAEfHWtCkZw&amp;utm_campaign=designshare&amp;utm_medium=link&amp;utm_source=publishsharelink\"><img loading=\"lazy\" class=\"alignnone wp-image-2010 size-full\" src=\"http:\/\/www.gesoper.com.br\/site\/wp-content\/uploads\/2021\/07\/Tela-Plana-nova-versao-SUP.png\" alt=\"\" width=\"575\" height=\"316\" srcset=\"http:\/\/www.gesoper.com.br\/site\/wp-content\/uploads\/2021\/07\/Tela-Plana-nova-versao-SUP.png 575w, http:\/\/www.gesoper.com.br\/site\/wp-content\/uploads\/2021\/07\/Tela-Plana-nova-versao-SUP-300x165.png 300w\" sizes=\"(max-width: 575px) 100vw, 575px\" \/><\/a><\/p>\n<p>Para isso, o sistema disponibiliza recursos como programa\u00e7\u00e3o da melhor rota, geo-localiza\u00e7\u00e3o, escrita por reconhecimento de voz, dentre outros, al\u00e9m de processos de check list de atividades,\u00a0 lan\u00e7amento de ocorr\u00eancias, despacho de procedimentos\u00a0 como demandas e SAC para a base,\u00a0 com registro de fotos e observa\u00e7\u00e3o para cada\u00a0 item\u00a0 ou ocorr\u00eancia.<\/p>\n<p>J\u00e1 o gestor, poder\u00e1 visualizar, al\u00e9m dos roteiros executados, a situa\u00e7\u00e3o de cada posto, a dura\u00e7\u00e3o das supervis\u00f5es, deslocamentos e paradas, ou seja: as informa\u00e7\u00f5es saem instantaneamente da\u00a0 \u00a0\u201c linha de frente \u201d\u00a0 (seu supervisor), diretamente para sua \u201c mesa de opera\u00e7\u00e3o \u201d, e o cliente \u00e9 o maior beneficiado.<\/p>\n<p><a href=\"http:\/\/www.gesoper.com.br\/site\/wp-content\/uploads\/2021\/07\/GesOper-4SUP.png\"><img loading=\"lazy\" class=\"alignnone wp-image-2011 size-large\" src=\"http:\/\/www.gesoper.com.br\/site\/wp-content\/uploads\/2021\/07\/GesOper-4SUP-1024x683.png\" alt=\"\" width=\"900\" height=\"600\" srcset=\"http:\/\/www.gesoper.com.br\/site\/wp-content\/uploads\/2021\/07\/GesOper-4SUP-1024x683.png 1024w, http:\/\/www.gesoper.com.br\/site\/wp-content\/uploads\/2021\/07\/GesOper-4SUP-300x200.png 300w, http:\/\/www.gesoper.com.br\/site\/wp-content\/uploads\/2021\/07\/GesOper-4SUP-768x512.png 768w, http:\/\/www.gesoper.com.br\/site\/wp-content\/uploads\/2021\/07\/GesOper-4SUP-1536x1024.png 1536w, http:\/\/www.gesoper.com.br\/site\/wp-content\/uploads\/2021\/07\/GesOper-4SUP.png 1920w\" sizes=\"(max-width: 900px) 100vw, 900px\" \/><\/a><\/p>\n<p>O APP GesOper 4Sup permite ainda que voc\u00ea execute a supervis\u00e3o off-line para quando a internet n\u00e3o estiver dispon\u00edvel, al\u00e9m da integra\u00e7\u00e3o com a parte desktop (Windows) do GesOper Corporate para aproveitamento dos cadastros.<\/p>\n<h4 style=\"text-align: left;\">Tudo muito simples para agilidade e qualidade do seu atendimento a clientes!<\/h4>\n","protected":false},"excerpt":{"rendered":"<p>O GesOper 4Sup \u00e9 um sistema da fam\u00edlia GesOper Corporate\u00a0 exclusivo para supervis\u00e3o on-line, composto de um gerenciador WEB e um\u00a0 aplicativo\u00a0 para smartphone\u00a0 (ou tablet) que permite ao gestor programar rotas\u00a0 inteligentes e controlar a qualidade das mesmas, e ao supervisor, registrar em tempo real todas suas atividades, e tudo integrado ao GesOper Operacional. [&hellip;]<\/p>\n","protected":false},"author":1,"featured_media":0,"parent":0,"menu_order":0,"comment_status":"closed","ping_status":"closed","template":"","meta":[],"_links":{"self":[{"href":"http:\/\/www.gesoper.com.br\/site\/wp-json\/wp\/v2\/pages\/314"}],"collection":[{"href":"http:\/\/www.gesoper.com.br\/site\/wp-json\/wp\/v2\/pages"}],"about":[{"href":"http:\/\/www.gesoper.com.br\/site\/wp-json\/wp\/v2\/types\/page"}],"author":[{"embeddable":true,"href":"http:\/\/www.gesoper.com.br\/site\/wp-json\/wp\/v2\/users\/1"}],"replies":[{"embeddable":true,"href":"http:\/\/www.gesoper.com.br\/site\/wp-json\/wp\/v2\/comments?post=314"}],"version-history":[{"count":5,"href":"http:\/\/www.gesoper.com.br\/site\/wp-json\/wp\/v2\/pages\/314\/revisions"}],"predecessor-version":[{"id":2066,"href":"http:\/\/www.gesoper.com.br\/site\/wp-json\/wp\/v2\/pages\/314\/revisions\/2066"}],"wp:attachment":[{"href":"http:\/\/www.gesoper.com.br\/site\/wp-json\/wp\/v2\/media?parent=314"}],"curies":[{"name":"wp","href":"https:\/\/api.w.org\/{rel}","templated":true}]}}