{"id":2034,"date":"2021-07-23T20:41:11","date_gmt":"2021-07-23T20:41:11","guid":{"rendered":"http:\/\/www.gesoper.com.br\/site\/?page_id=2034"},"modified":"2021-08-11T18:19:48","modified_gmt":"2021-08-11T18:19:48","slug":"gesoper-4boss","status":"publish","type":"page","link":"http:\/\/www.gesoper.com.br\/site\/gesoper-4boss\/","title":{"rendered":"GesOper 4BOSS"},"content":{"rendered":"<p>Que tal ter acesso instant\u00e2neo as principais informa\u00e7\u00f5es do seu neg\u00f3cio e de sua opera\u00e7\u00e3o?<\/p>\n<p>Com o GesOper 4BOSS, agora voc\u00ea j\u00e1 pode!<\/p>\n<p>E o melhor de tudo isso?<\/p>\n<p>Voc\u00ea n\u00e3o precisa nem implantar, apenas instalar, pois s\u00f3 \u00e9 necess\u00e1rio usar o GesOper Operacional e o GesOper ADM para os dados carregarem automaticamente no Portal Web e no seu APP!<\/p>\n<p><a href=\"http:\/\/gesoper.no-ip.info\/www\/folderssite\/Folder_GesOper_4BOSS_leia_mais.pdf\">http:\/\/gesoper.no-ip.info\/www\/folderssite\/Folder_GesOper_4BOSS_leia_mais.pdf<\/a><\/p>\n<p><a href=\"http:\/\/www.gesoper.com.br\/site\/wp-content\/uploads\/2021\/07\/Gestor-BOSS.png\"><img loading=\"lazy\" class=\"alignnone wp-image-2035 size-large\" src=\"http:\/\/www.gesoper.com.br\/site\/wp-content\/uploads\/2021\/07\/Gestor-BOSS-1024x683.png\" alt=\"\" width=\"900\" height=\"600\" srcset=\"http:\/\/www.gesoper.com.br\/site\/wp-content\/uploads\/2021\/07\/Gestor-BOSS-1024x683.png 1024w, http:\/\/www.gesoper.com.br\/site\/wp-content\/uploads\/2021\/07\/Gestor-BOSS-300x200.png 300w, http:\/\/www.gesoper.com.br\/site\/wp-content\/uploads\/2021\/07\/Gestor-BOSS-768x512.png 768w, http:\/\/www.gesoper.com.br\/site\/wp-content\/uploads\/2021\/07\/Gestor-BOSS-1536x1024.png 1536w, http:\/\/www.gesoper.com.br\/site\/wp-content\/uploads\/2021\/07\/Gestor-BOSS.png 1920w\" sizes=\"(max-width: 900px) 100vw, 900px\" \/><\/a><\/p>\n","protected":false},"excerpt":{"rendered":"<p>Que tal ter acesso instant\u00e2neo as principais informa\u00e7\u00f5es do seu neg\u00f3cio e de sua opera\u00e7\u00e3o? Com o GesOper 4BOSS, agora voc\u00ea j\u00e1 pode! E o melhor de tudo isso? Voc\u00ea n\u00e3o precisa nem implantar, apenas instalar, pois s\u00f3 \u00e9 necess\u00e1rio usar o GesOper Operacional e o GesOper ADM para os dados carregarem automaticamente no Portal [&hellip;]<\/p>\n","protected":false},"author":2,"featured_media":0,"parent":0,"menu_order":0,"comment_status":"closed","ping_status":"closed","template":"","meta":[],"_links":{"self":[{"href":"http:\/\/www.gesoper.com.br\/site\/wp-json\/wp\/v2\/pages\/2034"}],"collection":[{"href":"http:\/\/www.gesoper.com.br\/site\/wp-json\/wp\/v2\/pages"}],"about":[{"href":"http:\/\/www.gesoper.com.br\/site\/wp-json\/wp\/v2\/types\/page"}],"author":[{"embeddable":true,"href":"http:\/\/www.gesoper.com.br\/site\/wp-json\/wp\/v2\/users\/2"}],"replies":[{"embeddable":true,"href":"http:\/\/www.gesoper.com.br\/site\/wp-json\/wp\/v2\/comments?post=2034"}],"version-history":[{"count":3,"href":"http:\/\/www.gesoper.com.br\/site\/wp-json\/wp\/v2\/pages\/2034\/revisions"}],"predecessor-version":[{"id":2068,"href":"http:\/\/www.gesoper.com.br\/site\/wp-json\/wp\/v2\/pages\/2034\/revisions\/2068"}],"wp:attachment":[{"href":"http:\/\/www.gesoper.com.br\/site\/wp-json\/wp\/v2\/media?parent=2034"}],"curies":[{"name":"wp","href":"https:\/\/api.w.org\/{rel}","templated":true}]}}