{"id":199,"date":"2017-04-27T22:49:34","date_gmt":"2017-04-27T22:49:34","guid":{"rendered":"http:\/\/webproj.com\/gesoper\/?page_id=199"},"modified":"2017-05-04T11:09:51","modified_gmt":"2017-05-04T11:09:51","slug":"gesoper-crm","status":"publish","type":"page","link":"http:\/\/www.gesoper.com.br\/site\/gesoper-crm\/","title":{"rendered":"GesOper CRM"},"content":{"rendered":"<p>O GesOper CRM foi desenvolvido especialmente para os segmentos de seguran\u00e7a patrimonial, limpeza e servi\u00e7os com o intuito fornecer ao mercado uma ferramenta para alavancar suas receitas fortalecendo suas \u00e1reas comercial (for\u00e7a de vendas) e de relacionamento com clientes.<\/p>\n<p>Com o GesOper CRM voc\u00ea poder\u00e1 definir e controlar metas comerciais, registrar movimenta\u00e7\u00e3o da concorr\u00eancia, agendar os contratos, cadastrar caracter\u00edsticas de seus clientes potenciais, lan\u00e7ar todos os contatos feitos (follow up), montar e emitir propostas a partir de planilha de custos, emitir relat\u00f3rios e gr\u00e1ficos com m\u00faltiplas alternativas, e muito mais.<\/p>\n<p>Voc\u00ea ter\u00e1 um Painel de Controle completo para suas opera\u00e7\u00f5es comerciais, agrupando numa \u00fanica tela, informa\u00e7\u00f5es cruciais para uma melhor negocia\u00e7\u00e3o.<\/p>\n<p><img loading=\"lazy\" class=\"size-full wp-image-303 aligncenter\" src=\"http:\/\/webproj.com\/gesoper\/wp-content\/uploads\/2017\/04\/sistema-crm.jpg\" alt=\"\" width=\"650\" height=\"337\" srcset=\"http:\/\/www.gesoper.com.br\/site\/wp-content\/uploads\/2017\/04\/sistema-crm.jpg 650w, http:\/\/www.gesoper.com.br\/site\/wp-content\/uploads\/2017\/04\/sistema-crm-300x156.jpg 300w\" sizes=\"(max-width: 650px) 100vw, 650px\" \/><\/p>\n","protected":false},"excerpt":{"rendered":"<p>O GesOper CRM foi desenvolvido especialmente para os segmentos de seguran\u00e7a patrimonial, limpeza e servi\u00e7os com o intuito fornecer ao mercado uma ferramenta para alavancar suas receitas fortalecendo suas \u00e1reas comercial (for\u00e7a de vendas) e de relacionamento com clientes. Com o GesOper CRM voc\u00ea poder\u00e1 definir e controlar metas comerciais, registrar movimenta\u00e7\u00e3o da concorr\u00eancia, agendar [&hellip;]<\/p>\n","protected":false},"author":1,"featured_media":0,"parent":0,"menu_order":0,"comment_status":"closed","ping_status":"closed","template":"","meta":[],"_links":{"self":[{"href":"http:\/\/www.gesoper.com.br\/site\/wp-json\/wp\/v2\/pages\/199"}],"collection":[{"href":"http:\/\/www.gesoper.com.br\/site\/wp-json\/wp\/v2\/pages"}],"about":[{"href":"http:\/\/www.gesoper.com.br\/site\/wp-json\/wp\/v2\/types\/page"}],"author":[{"embeddable":true,"href":"http:\/\/www.gesoper.com.br\/site\/wp-json\/wp\/v2\/users\/1"}],"replies":[{"embeddable":true,"href":"http:\/\/www.gesoper.com.br\/site\/wp-json\/wp\/v2\/comments?post=199"}],"version-history":[{"count":3,"href":"http:\/\/www.gesoper.com.br\/site\/wp-json\/wp\/v2\/pages\/199\/revisions"}],"predecessor-version":[{"id":304,"href":"http:\/\/www.gesoper.com.br\/site\/wp-json\/wp\/v2\/pages\/199\/revisions\/304"}],"wp:attachment":[{"href":"http:\/\/www.gesoper.com.br\/site\/wp-json\/wp\/v2\/media?parent=199"}],"curies":[{"name":"wp","href":"https:\/\/api.w.org\/{rel}","templated":true}]}}