{"id":172,"date":"2017-04-27T22:15:50","date_gmt":"2017-04-27T22:15:50","guid":{"rendered":"http:\/\/webproj.com\/gesoper\/?page_id=172"},"modified":"2017-04-27T22:16:40","modified_gmt":"2017-04-27T22:16:40","slug":"servicos","status":"publish","type":"page","link":"http:\/\/www.gesoper.com.br\/site\/servicos\/","title":{"rendered":"Servi\u00e7os"},"content":{"rendered":"<h2><strong>Consultoria em Gest\u00e3o de Empresas de Seguran\u00e7a Patrimonial<\/strong><\/h2>\n<p>Consultoria em Gest\u00e3o de Empresas de Seguran\u00e7a Patrimonial<\/p>\n<p>&nbsp;<\/p>\n<h2><strong>Treinamento e Implanta\u00e7\u00e3o de Sistemas<\/strong><\/h2>\n<p>Utiliza\u00e7\u00e3o de metodologia pr\u00f3pria com certifica\u00e7\u00e3o do cliente e medi\u00e7\u00e3o do ROI (retorno sobre o investimento).<\/p>\n<p>&nbsp;<\/p>\n<h2><strong>Desenvolvimento de Sistemas sob medida<\/strong><\/h2>\n<p>Atrav\u00e9s da utiliza\u00e7\u00e3o de geradores de aplica\u00e7\u00e3o de alto desempenho podemos criar aplica\u00e7\u00f5es sob medida, com servi\u00e7os de an\u00e1lise e programa\u00e7\u00e3o ou apenas programa\u00e7\u00e3o, para qualquer ambiente desejado.<\/p>\n","protected":false},"excerpt":{"rendered":"<p>Consultoria em Gest\u00e3o de Empresas de Seguran\u00e7a Patrimonial Consultoria em Gest\u00e3o de Empresas de Seguran\u00e7a Patrimonial &nbsp; Treinamento e Implanta\u00e7\u00e3o de Sistemas Utiliza\u00e7\u00e3o de metodologia pr\u00f3pria com certifica\u00e7\u00e3o do cliente e medi\u00e7\u00e3o do ROI (retorno sobre o investimento). &nbsp; Desenvolvimento de Sistemas sob medida Atrav\u00e9s da utiliza\u00e7\u00e3o de geradores de aplica\u00e7\u00e3o de alto desempenho podemos [&hellip;]<\/p>\n","protected":false},"author":1,"featured_media":0,"parent":0,"menu_order":0,"comment_status":"closed","ping_status":"closed","template":"","meta":[],"_links":{"self":[{"href":"http:\/\/www.gesoper.com.br\/site\/wp-json\/wp\/v2\/pages\/172"}],"collection":[{"href":"http:\/\/www.gesoper.com.br\/site\/wp-json\/wp\/v2\/pages"}],"about":[{"href":"http:\/\/www.gesoper.com.br\/site\/wp-json\/wp\/v2\/types\/page"}],"author":[{"embeddable":true,"href":"http:\/\/www.gesoper.com.br\/site\/wp-json\/wp\/v2\/users\/1"}],"replies":[{"embeddable":true,"href":"http:\/\/www.gesoper.com.br\/site\/wp-json\/wp\/v2\/comments?post=172"}],"version-history":[{"count":1,"href":"http:\/\/www.gesoper.com.br\/site\/wp-json\/wp\/v2\/pages\/172\/revisions"}],"predecessor-version":[{"id":173,"href":"http:\/\/www.gesoper.com.br\/site\/wp-json\/wp\/v2\/pages\/172\/revisions\/173"}],"wp:attachment":[{"href":"http:\/\/www.gesoper.com.br\/site\/wp-json\/wp\/v2\/media?parent=172"}],"curies":[{"name":"wp","href":"https:\/\/api.w.org\/{rel}","templated":true}]}}